{"id":18,"date":"2018-01-26T08:53:18","date_gmt":"2018-01-26T08:53:18","guid":{"rendered":"http:\/\/2020.innsbruckinternational.com\/?page_id=18"},"modified":"2024-04-08T14:18:43","modified_gmt":"2024-04-08T14:18:43","slug":"about","status":"publish","type":"page","link":"https:\/\/2022.innsbruckinternational.com\/de\/about\/","title":{"rendered":"About"},"content":{"rendered":"<p>[vc_row][vc_column][vc_column_text][\/vc_column_text][\/vc_column][\/vc_row][vc_row][vc_column width=&#8220;1\/2&#8243;][vc_column_text]<\/p>\n<h1>About<\/h1>\n<p><strong>Bitte beachten Sie die aktuell geltenden Corona-Regeln!<\/strong><\/p>\n<p>NNSBRUCK INTERNATIONAL ist eine Biennale der zeitgen\u00f6ssischen Kunst, die inter\/nationale K\u00fcnstler*innen nach Innsbruck einl\u00e4dt, um die Stadt an au\u00dfergew\u00f6hnlichen historischen, sowie zeitgen\u00f6ssischen Orten mit bildender Kunst, Film- und Soundarbeiten, sowie Performances und Installationen zu bespielen.<\/p>\n<p>2022 feiert die Biennale 10 Jahre und steht nach HUMAN CAPITAL (2020) unter dem Thema COOKIE. Take a moment to review your privacy preferences. Die Biennale antwortet damit auf jene einschneidende, pandemische Zeit, im Laufe derer Menschen in Home-Office-Sitzungen digitale Zwillinge von sich selbst erzeugt und mit anderen geteilt haben. Sie sind hiermit zu einem wichtigen Wertstoff f\u00fcr Unternehmen, die Politik und die Fortf\u00fchrung einer Gesellschaft geworden. Das \u201eHuman Capital\u201c ist in der Zeit von Covid-19 tats\u00e4chlich zum Kapital geworden.<\/p>\n<p>Vorherige Ausgaben:<br \/>\n<a href=\"http:\/\/2020.innsbruckinternational.com\" target=\"_blank\" rel=\"noopener\">Innsbruck International 2020<\/a><br \/>\n<a href=\"http:\/\/2018.innsbruckinternational.com\" target=\"_blank\" rel=\"noopener\">Innsbruck International 2018<\/a><br \/>\n<a href=\"http:\/\/2016.innsbruckinternational.com\" target=\"_blank\" rel=\"noopener\">Innsbruck International 2016<\/a><br \/>\n<a href=\"http:\/\/2013.innsbruckinternational.com\" target=\"_blank\" rel=\"noopener\">Innsbruck International 2013<\/a>[\/vc_column_text][\/vc_column][vc_column width=&#8220;1\/2&#8243;][vc_column_text]<\/p>\n<h1>Team<\/h1>\n<p>Leitung &gt;&gt; Tereza Kotyk<br \/>\nProduktion, Kuratorin &gt;&gt; Franziska Heubacher<br \/>\nKurator &gt;&gt; Chris Clarke<br \/>\nKurator (Musik) &gt;&gt; Christian Glatz<br \/>\nProduktionsassistenz &gt;&gt; Roger Rottkowski<br \/>\nTeam Supervisor, Covid-Beauftragte, Kunstvermittlung &gt;&gt; Mara Birnegger<br \/>\nTechnische Leitung &gt;&gt; Tobias Wei\u00dfbacher, Otto Wulz<br \/>\nSoundtechniker &gt;&gt; David M\u00f6ssmer<br \/>\nSujetfotos &gt;&gt; Mia Maria Knoll<br \/>\nFotos &gt;&gt; Dino Mehad<br \/>\nAusstellungsansichten &gt;&gt; WEST.Fotostudio<br \/>\nBiennale-Crew: Nora Anrather, Jutta Birnegger, Katharina Ceolan, \u00c7a\u011fla Erdemir, Mona Erhart, Luzia Fessler, Elisabeth Plattner, Jan Mair<\/p>\n<p>Graphic Design &gt;&gt; Studio Mut, Martin Kerschbaumer, Thomas Kronbichler, Riccardo Fresch <a href=\"http:\/\/studiomut.com\">studiomut.com<\/a><br \/>\nProgramming &gt;&gt; <a href=\"http:\/\/ernestobellei.it\/\">Ernesto Bellei, <\/a><a href=\"https:\/\/hund.studio\/en\/\">hund.studio<\/a><br \/>\n<b><\/b>[\/vc_column_text][\/vc_column][\/vc_row][vc_row el_id=&#8220;tickets&#8220;][vc_column width=&#8220;1\/2&#8243;][vc_column_text]<\/p>\n<h1>Tickets<\/h1>\n<p>[\/vc_column_text][vc_column_text]<\/p>\n<p class=\"p1\"><span class=\"s1\">Biennale P\u00e4sse und Event Tickets sind ab 3.5. im INNSBRUCK INTERNATIONAL Office, Marktplatz<\/span><span class=\"s1\">\u00a0<\/span><span class=\"s1\">Innsbruck erh\u00e4ltlich: MI-SO 11-19h<br \/>\n<\/span>Event Tickets sind auch an der Abendkassa erh\u00e4ltlich.<\/p>\n<p class=\"p1\"><span class=\"s1\">INFORMATION, RESERVIERUNG UND VORVERKAUF<br \/>\n<\/span><a href=\"mailto:info@innsbruckinternational.com\">info@innsbruckinternational.com<\/a><br \/>\n+43 (0) 677 627 567 80<br \/>\n(MO-FR 10 -18h)<\/p>\n<p>ON MOBILE<br \/>\n<a href=\"https:\/\/innsbruckint.app.link\/O76YdKpQk4\">Download the iOS Ticket-App<\/a><a href=\"https:\/\/innsbruckint.app.link\/GdXgPyddj2\"><br \/>\n<\/a><a href=\"https:\/\/innsbruckint.app.link\/oXABx4eQk4\">Download the Android Ticket-App<\/a><\/p>\n<p><span class=\"s1\">ART WALKS<br \/>\nDonnerstag 12.5 16h \/ Donnerstag 19.5 16h \/ Samstag 21.5 16h<br \/>\nTreffpunkt @Innsbruck International Office<br \/>\n<\/span><\/p>\n<p>LET&#8217;S TALK ABOUT INNSBRUCK INTERNATIONAL<br \/>\nF\u00fchrungen f\u00fcr Schulklassen, Workshops f\u00fcr Kinder<br \/>\n<a href=\"mailto:info@innsbruckinternational.com\">\u2192 auf Anfrage<\/a>[\/vc_column_text][\/vc_column][vc_column width=&#8220;1\/2&#8243;][vc_column_text]BIENNALE PASS<br \/>\n20 \u20ac \/ 15\u2009\u20ac<\/p>\n<p class=\"p1\">Der Biennale Pass inkludiert:<br \/>\n\u2192 Rucksack mit Programmbuch<br \/>\n\u2192 Ausstellungseintritte<br \/>\n\u2192 Events im GGGNHM &#8211; guggenheim in innsbruck?<br \/>\n\u2192 Erm\u00e4\u00dfigung auf Event-Tickets<span class=\"s1\"><br \/>\n<\/span><\/p>\n<hr \/>\n<p class=\"p1\">EVENT-TICKETS<\/p>\n<p>7.5.2022 + 8.5.2022\u00a0 12 \u20ac \/ 9 \u20ac<br \/>\nDoris Uhlich TANK site specific &gt;&gt;\u00a0Tiroler Landesmuseum Ferdinandeum<br \/>\n13.5.2022\u00a0 19 \u20ac \/ 14 \u20ac<br \/>\nWALKING CONCERT: Die Strottern &gt;&gt; Treffpunkt: Innsbruck International Office<br \/>\n14.5.2022\u00a0 19 \u20ac \/ 14 \u20ac<br \/>\nWALKING CONCERT: Anna Anderluh &gt;&gt; Treffpunkt: Innsbruck International Office<\/p>\n<hr \/>\n<p class=\"p1\"><span class=\"s1\">Erm\u00e4\u00dfigung f\u00fcr \u00d61 Club-Mitglieder, \u00d61 intro-Mitglieder und Studierende<br \/>\n<\/span>Partner von Hunger auf Kunst und Kultur<\/p>\n<p>[\/vc_column_text][vc_column_text]<\/p>\n<hr \/>\n<p>F\u00f6rderer[\/vc_column_text][vc_single_image image=&#8220;1268&#8243; img_size=&#8220;full&#8220;][vc_column_text]Kooperationspartner*innen[\/vc_column_text][vc_single_image image=&#8220;1274&#8243; img_size=&#8220;full&#8220;][\/vc_column][\/vc_row][vc_row][vc_column][vc_column_text][\/vc_column_text][\/vc_column][\/vc_row][vc_row][vc_column][vc_column_text][\/vc_column_text][\/vc_column][\/vc_row][vc_row][vc_column width=&#8220;1\/2&#8243;][vc_column_text]<\/p>\n<h1>About<\/h1>\n<p><strong>Bitte beachten Sie die aktuell geltenden Corona-Regeln!<\/strong><\/p>\n<p>NNSBRUCK INTERNATIONAL ist eine Biennale der zeitgen\u00f6ssischen Kunst, die inter\/nationale K\u00fcnstler*innen nach Innsbruck einl\u00e4dt, um die Stadt an au\u00dfergew\u00f6hnlichen historischen, sowie zeitgen\u00f6ssischen Orten mit bildender Kunst, Film- und Soundarbeiten, sowie Performances und Installationen zu bespielen.<\/p>\n<p>2022 feiert die Biennale 10 Jahre und steht nach HUMAN CAPITAL (2020) unter dem Thema COOKIE. Take a moment to review your privacy preferences. Die Biennale antwortet damit auf jene einschneidende, pandemische Zeit, im Laufe derer Menschen in Home-Office-Sitzungen digitale Zwillinge von sich selbst erzeugt und mit anderen geteilt haben. Sie sind hiermit zu einem wichtigen Wertstoff f\u00fcr Unternehmen, die Politik und die Fortf\u00fchrung einer Gesellschaft geworden. Das \u201eHuman Capital\u201c ist in der Zeit von Covid-19 tats\u00e4chlich zum Kapital geworden.<\/p>\n<p>Vorherige Ausgaben:<br \/>\n<a href=\"http:\/\/2020.innsbruckinternational.com\" target=\"_blank\" rel=\"noopener\">Innsbruck International 2020<\/a><br \/>\n<a href=\"http:\/\/2018.innsbruckinternational.com\" target=\"_blank\" rel=\"noopener\">Innsbruck International 2018<\/a><br \/>\n<a href=\"http:\/\/2016.innsbruckinternational.com\" target=\"_blank\" rel=\"noopener\">Innsbruck International 2016<\/a><br \/>\n<a href=\"http:\/\/2013.innsbruckinternational.com\" target=\"_blank\" rel=\"noopener\">Innsbruck International 2013<\/a>[\/vc_column_text][\/vc_column][vc_column width=&#8220;1\/2&#8243;][vc_column_text]<\/p>\n<h1>Team<\/h1>\n<p>Leitung &gt;&gt; Tereza Kotyk<br \/>\nProduktion, Kuratorin &gt;&gt; Franziska Heubacher<br \/>\nKurator &gt;&gt; Chris Clarke<br \/>\nKurator (Musik) &gt;&gt; Christian Glatz<br \/>\nProduktionsassistenz &gt;&gt; Roger Rottkowski<br \/>\nTeam Supervisor, Covid-Beauftragte, Kunstvermittlung &gt;&gt; Mara Birnegger<br \/>\nTechnische Leitung &gt;&gt; Tobias Wei\u00dfbacher, Otto Wulz<br \/>\nSoundtechniker &gt;&gt; David M\u00f6ssmer<br \/>\nSujetfotos &gt;&gt; Mia Maria Knoll<br \/>\nFotos &gt;&gt; Dino Mehad<br \/>\nAusstellungsansichten &gt;&gt; WEST.Fotostudio<br \/>\nBiennale-Crew: Nora Anrather, Jutta Birnegger, Katharina Ceolan, \u00c7a\u011fla Erdemir, Mona Erhart, Luzia Fessler, Elisabeth Plattner, Jan Mair<\/p>\n<p>Graphic Design &gt;&gt; Studio Mut, Martin Kerschbaumer, Thomas Kronbichler, Riccardo Fresch <a href=\"http:\/\/studiomut.com\">studiomut.com<\/a><br \/>\nProgramming &gt;&gt; <a href=\"http:\/\/ernestobellei.it\/\">Ernesto Bellei, <\/a><a href=\"https:\/\/hund.studio\/en\/\">hund.studio<\/a><br \/>\n<b><\/b>[\/vc_column_text][\/vc_column][\/vc_row][vc_row el_id=&#8220;tickets&#8220;][vc_column width=&#8220;1\/2&#8243;][vc_column_text]<\/p>\n<h1>Tickets<\/h1>\n<p>[\/vc_column_text][vc_column_text]<\/p>\n<p class=\"p1\"><span class=\"s1\">Biennale P\u00e4sse und Event Tickets sind ab 3.5. im INNSBRUCK INTERNATIONAL Office, Marktplatz<\/span><span class=\"s1\">\u00a0<\/span><span class=\"s1\">Innsbruck erh\u00e4ltlich: MI-SO 11-19h<br \/>\n<\/span>Event Tickets sind auch an der Abendkassa erh\u00e4ltlich.<\/p>\n<p class=\"p1\"><span class=\"s1\">INFORMATION, RESERVIERUNG UND VORVERKAUF<br \/>\n<\/span><a href=\"mailto:info@innsbruckinternational.com\">info@innsbruckinternational.com<\/a><br \/>\n+43 (0) 677 627 567 80<br \/>\n(MO-FR 10 -18h)<\/p>\n<p>ON MOBILE<br \/>\n<a href=\"https:\/\/innsbruckint.app.link\/O76YdKpQk4\">Download the iOS Ticket-App<\/a><a href=\"https:\/\/innsbruckint.app.link\/GdXgPyddj2\"><br \/>\n<\/a><a href=\"https:\/\/innsbruckint.app.link\/oXABx4eQk4\">Download the Android Ticket-App<\/a><\/p>\n<p><span class=\"s1\">ART WALKS<br \/>\nDonnerstag 9.5 \/ 23.5.\u00a0 16h<br \/>\nSamstag 11.5. \/ 18.5. \/ Samstag 26.5\u00a0 16h<br \/>\nTreffpunkt @Innsbruck International Office<\/span><\/p>\n<p>&nbsp;<\/p>\n<p><a href=\"mailto:info@innsbruckinternational.com\">\u2192 auf Anfrage<\/a>[\/vc_column_text][\/vc_column][vc_column width=&#8220;1\/2&#8243;][vc_column_text]BIENNALE PASS<br \/>\n20 \u20ac \/ 15\u2009\u20ac<\/p>\n<p class=\"p1\">Der Biennale Pass inkludiert:<br \/>\n\u2192 Rucksack mit Programmbuch<br \/>\n\u2192 Ausstellungseintritte<br \/>\n\u2192 Events im GGGNHM &#8211; guggenheim in innsbruck?<br \/>\n\u2192 Erm\u00e4\u00dfigung auf Event-Tickets<span class=\"s1\"><br \/>\n<\/span><\/p>\n<hr \/>\n<p class=\"p1\">EVENT-TICKETS<\/p>\n<p>7.5.2022 + 8.5.2022\u00a0 12 \u20ac \/ 9 \u20ac<br \/>\nDoris Uhlich TANK site specific &gt;&gt;\u00a0Tiroler Landesmuseum Ferdinandeum<br \/>\n13.5.2022\u00a0 19 \u20ac \/ 14 \u20ac<br \/>\nWALKING CONCERT: Die Strottern &gt;&gt; Treffpunkt: Innsbruck International Office<br \/>\n14.5.2022\u00a0 19 \u20ac \/ 14 \u20ac<br \/>\nWALKING CONCERT: Anna Anderluh &gt;&gt; Treffpunkt: Innsbruck International Office<\/p>\n<hr \/>\n<p class=\"p1\"><span class=\"s1\">Erm\u00e4\u00dfigung f\u00fcr \u00d61 Club-Mitglieder, \u00d61 intro-Mitglieder und Studierende<br \/>\n<\/span>Partner von Hunger auf Kunst und Kultur<\/p>\n<p>[\/vc_column_text][vc_column_text]<\/p>\n<hr \/>\n<p>F\u00f6rderer[\/vc_column_text][vc_single_image image=&#8220;1268&#8243; img_size=&#8220;full&#8220;][vc_column_text]Kooperationspartner*innen[\/vc_column_text][vc_single_image image=&#8220;1274&#8243; img_size=&#8220;full&#8220;][\/vc_column][\/vc_row][vc_row][vc_column][vc_column_text][\/vc_column_text][\/vc_column][\/vc_row][vc_row][vc_column][vc_column_text][\/vc_column_text][\/vc_column][\/vc_row]<\/p>","protected":false},"excerpt":{"rendered":"<p>[vc_row][vc_column][vc_column_text][\/vc_column_text][\/vc_column][\/vc_row][vc_row][vc_column width=&#8220;1\/2&#8243;][vc_column_text] About Bitte beachten Sie die aktuell geltenden Corona-Regeln! NNSBRUCK INTERNATIONAL ist eine Biennale der zeitgen\u00f6ssischen Kunst, die inter\/nationale K\u00fcnstler*innen nach Innsbruck einl\u00e4dt, um die Stadt an au\u00dfergew\u00f6hnlichen historischen, sowie zeitgen\u00f6ssischen Orten mit bildender Kunst, Film- und Soundarbeiten, sowie Performances und Installationen zu bespielen. 2022 feiert die Biennale 10 Jahre und steht nach HUMAN [&hellip;]<\/p>\n","protected":false},"author":1,"featured_media":0,"parent":0,"menu_order":5,"comment_status":"closed","ping_status":"closed","template":"","meta":{"inline_featured_image":false},"yoast_head":"<!-- This site is optimized with the Yoast SEO plugin v19.13 - https:\/\/yoast.com\/wordpress\/plugins\/seo\/ -->\n<title>About - Innsbruck International: Biennial of the Arts.<\/title>\n<meta name=\"description\" content=\"Innsbruck International is a contemporary biennial of the arts that invites international artists to make use of Innsbruck\u2019s extraordinary venues in the presentation of their works of visual art, film, and sound as well as performances. In 2018, the biennial will be informed by the theme of \u201cAgents of Social Change\u201d.\" \/>\n<meta name=\"robots\" content=\"index, follow, max-snippet:-1, max-image-preview:large, max-video-preview:-1\" \/>\n<link rel=\"canonical\" href=\"https:\/\/2022.innsbruckinternational.com\/about\/\" \/>\n<meta property=\"og:locale\" content=\"de_DE\" \/>\n<meta property=\"og:type\" content=\"article\" \/>\n<meta property=\"og:title\" content=\"About - Innsbruck International: Biennial of the Arts.\" \/>\n<meta property=\"og:description\" content=\"Innsbruck International is a contemporary biennial of the arts that invites international artists to make use of Innsbruck\u2019s extraordinary venues in the presentation of their works of visual art, film, and sound as well as performances. In 2018, the biennial will be informed by the theme of \u201cAgents of Social Change\u201d.\" \/>\n<meta property=\"og:url\" content=\"https:\/\/2022.innsbruckinternational.com\/about\/\" \/>\n<meta property=\"og:site_name\" content=\"Innsbruck International 2022\" \/>\n<meta property=\"article:publisher\" content=\"https:\/\/www.facebook.com\/InnsbruckInternational\/\" \/>\n<meta property=\"article:modified_time\" content=\"2024-04-08T14:18:43+00:00\" \/>\n<meta name=\"twitter:card\" content=\"summary_large_image\" \/>\n<meta name=\"twitter:label1\" content=\"Gesch\u00e4tzte Lesezeit\" \/>\n\t<meta name=\"twitter:data1\" content=\"8\u00a0Minuten\" \/>\n<script type=\"application\/ld+json\" class=\"yoast-schema-graph\">{\"@context\":\"https:\/\/schema.org\",\"@graph\":[{\"@type\":\"WebPage\",\"@id\":\"https:\/\/2022.innsbruckinternational.com\/about\/\",\"url\":\"https:\/\/2022.innsbruckinternational.com\/about\/\",\"name\":\"About - Innsbruck International: Biennial of the Arts.\",\"isPartOf\":{\"@id\":\"https:\/\/2022.innsbruckinternational.com\/#website\"},\"datePublished\":\"2018-01-26T08:53:18+00:00\",\"dateModified\":\"2024-04-08T14:18:43+00:00\",\"description\":\"Innsbruck International is a contemporary biennial of the arts that invites international artists to make use of Innsbruck\u2019s extraordinary venues in the presentation of their works of visual art, film, and sound as well as performances. In 2018, the biennial will be informed by the theme of \u201cAgents of Social Change\u201d.\",\"breadcrumb\":{\"@id\":\"https:\/\/2022.innsbruckinternational.com\/about\/#breadcrumb\"},\"inLanguage\":\"de\",\"potentialAction\":[{\"@type\":\"ReadAction\",\"target\":[\"https:\/\/2022.innsbruckinternational.com\/about\/\"]}]},{\"@type\":\"BreadcrumbList\",\"@id\":\"https:\/\/2022.innsbruckinternational.com\/about\/#breadcrumb\",\"itemListElement\":[{\"@type\":\"ListItem\",\"position\":1,\"name\":\"Home\",\"item\":\"https:\/\/2022.innsbruckinternational.com\/\"},{\"@type\":\"ListItem\",\"position\":2,\"name\":\"About\"}]},{\"@type\":\"WebSite\",\"@id\":\"https:\/\/2022.innsbruckinternational.com\/#website\",\"url\":\"https:\/\/2022.innsbruckinternational.com\/\",\"name\":\"Innsbruck International 2022\",\"description\":\"Cookie\",\"potentialAction\":[{\"@type\":\"SearchAction\",\"target\":{\"@type\":\"EntryPoint\",\"urlTemplate\":\"https:\/\/2022.innsbruckinternational.com\/?s={search_term_string}\"},\"query-input\":\"required name=search_term_string\"}],\"inLanguage\":\"de\"}]}<\/script>\n<!-- \/ Yoast SEO plugin. -->","yoast_head_json":{"title":"About - Innsbruck International: Biennial of the Arts.","description":"Innsbruck International is a contemporary biennial of the arts that invites international artists to make use of Innsbruck\u2019s extraordinary venues in the presentation of their works of visual art, film, and sound as well as performances. In 2018, the biennial will be informed by the theme of \u201cAgents of Social Change\u201d.","robots":{"index":"index","follow":"follow","max-snippet":"max-snippet:-1","max-image-preview":"max-image-preview:large","max-video-preview":"max-video-preview:-1"},"canonical":"https:\/\/2022.innsbruckinternational.com\/about\/","og_locale":"de_DE","og_type":"article","og_title":"About - Innsbruck International: Biennial of the Arts.","og_description":"Innsbruck International is a contemporary biennial of the arts that invites international artists to make use of Innsbruck\u2019s extraordinary venues in the presentation of their works of visual art, film, and sound as well as performances. In 2018, the biennial will be informed by the theme of \u201cAgents of Social Change\u201d.","og_url":"https:\/\/2022.innsbruckinternational.com\/about\/","og_site_name":"Innsbruck International 2022","article_publisher":"https:\/\/www.facebook.com\/InnsbruckInternational\/","article_modified_time":"2024-04-08T14:18:43+00:00","twitter_card":"summary_large_image","twitter_misc":{"Gesch\u00e4tzte Lesezeit":"8\u00a0Minuten"},"schema":{"@context":"https:\/\/schema.org","@graph":[{"@type":"WebPage","@id":"https:\/\/2022.innsbruckinternational.com\/about\/","url":"https:\/\/2022.innsbruckinternational.com\/about\/","name":"About - Innsbruck International: Biennial of the Arts.","isPartOf":{"@id":"https:\/\/2022.innsbruckinternational.com\/#website"},"datePublished":"2018-01-26T08:53:18+00:00","dateModified":"2024-04-08T14:18:43+00:00","description":"Innsbruck International is a contemporary biennial of the arts that invites international artists to make use of Innsbruck\u2019s extraordinary venues in the presentation of their works of visual art, film, and sound as well as performances. In 2018, the biennial will be informed by the theme of \u201cAgents of Social Change\u201d.","breadcrumb":{"@id":"https:\/\/2022.innsbruckinternational.com\/about\/#breadcrumb"},"inLanguage":"de","potentialAction":[{"@type":"ReadAction","target":["https:\/\/2022.innsbruckinternational.com\/about\/"]}]},{"@type":"BreadcrumbList","@id":"https:\/\/2022.innsbruckinternational.com\/about\/#breadcrumb","itemListElement":[{"@type":"ListItem","position":1,"name":"Home","item":"https:\/\/2022.innsbruckinternational.com\/"},{"@type":"ListItem","position":2,"name":"About"}]},{"@type":"WebSite","@id":"https:\/\/2022.innsbruckinternational.com\/#website","url":"https:\/\/2022.innsbruckinternational.com\/","name":"Innsbruck International 2022","description":"Cookie","potentialAction":[{"@type":"SearchAction","target":{"@type":"EntryPoint","urlTemplate":"https:\/\/2022.innsbruckinternational.com\/?s={search_term_string}"},"query-input":"required name=search_term_string"}],"inLanguage":"de"}]}},"_links":{"self":[{"href":"https:\/\/2022.innsbruckinternational.com\/de\/wp-json\/wp\/v2\/pages\/18"}],"collection":[{"href":"https:\/\/2022.innsbruckinternational.com\/de\/wp-json\/wp\/v2\/pages"}],"about":[{"href":"https:\/\/2022.innsbruckinternational.com\/de\/wp-json\/wp\/v2\/types\/page"}],"author":[{"embeddable":true,"href":"https:\/\/2022.innsbruckinternational.com\/de\/wp-json\/wp\/v2\/users\/1"}],"replies":[{"embeddable":true,"href":"https:\/\/2022.innsbruckinternational.com\/de\/wp-json\/wp\/v2\/comments?post=18"}],"version-history":[{"count":255,"href":"https:\/\/2022.innsbruckinternational.com\/de\/wp-json\/wp\/v2\/pages\/18\/revisions"}],"predecessor-version":[{"id":1371,"href":"https:\/\/2022.innsbruckinternational.com\/de\/wp-json\/wp\/v2\/pages\/18\/revisions\/1371"}],"wp:attachment":[{"href":"https:\/\/2022.innsbruckinternational.com\/de\/wp-json\/wp\/v2\/media?parent=18"}],"curies":[{"name":"wp","href":"https:\/\/api.w.org\/{rel}","templated":true}]}}