{"id":6,"date":"2018-01-26T08:45:47","date_gmt":"2018-01-26T08:45:47","guid":{"rendered":"http:\/\/2020.innsbruckinternational.com\/?page_id=6"},"modified":"2024-02-18T18:02:03","modified_gmt":"2024-02-18T18:02:03","slug":"home","status":"publish","type":"page","link":"https:\/\/2022.innsbruckinternational.com\/de\/","title":{"rendered":"Startseite"},"content":{"rendered":"<p>INNSBRUCK INTERNATIONAL ist eine Biennale der zeitgen\u00f6ssischen Kunst, die inter\/nationale K\u00fcnstler*innen nach Innsbruck einl\u00e4dt, um die Stadt an au\u00dfergew\u00f6hnlichen historischen, sowie zeitgen\u00f6ssischen Orten mit bildender Kunst, Film- und Soundarbeiten, sowie Performances und Installationen zu bespielen.<\/p>\n<p>2022 feiert die Biennale 10 Jahre und steht nach HUMAN CAPITAL (2020) unter dem Thema COOKIE. Take a moment to review your privacy preferences. Die Biennale antwortet damit auf jene einschneidende, pandemische Zeit, im Laufe derer Menschen in Home-Office-Sitzungen digitale Zwillinge von sich selbst erzeugt und mit anderen geteilt haben. Sie sind hiermit zu einem wichtigen Wertstoff f\u00fcr Unternehmen, die Politik und die Fortf\u00fchrung einer Gesellschaft geworden. Das \u201eHuman Capital\u201c ist in der Zeit von Covid-19 tats\u00e4chlich zum Kapital geworden.<\/p>","protected":false},"excerpt":{"rendered":"<p>INNSBRUCK INTERNATIONAL ist eine Biennale der zeitgen\u00f6ssischen Kunst, die inter\/nationale K\u00fcnstler*innen nach Innsbruck einl\u00e4dt, um die Stadt an au\u00dfergew\u00f6hnlichen historischen, sowie zeitgen\u00f6ssischen Orten mit bildender Kunst, Film- und Soundarbeiten, sowie Performances und Installationen zu bespielen. 2022 feiert die Biennale 10 Jahre und steht nach HUMAN CAPITAL (2020) unter dem Thema COOKIE. Take a moment to [&hellip;]<\/p>\n","protected":false},"author":1,"featured_media":0,"parent":0,"menu_order":4,"comment_status":"closed","ping_status":"closed","template":"page_home_video.php","meta":{"inline_featured_image":false},"yoast_head":"<!-- This site is optimized with the Yoast SEO plugin v19.13 - https:\/\/yoast.com\/wordpress\/plugins\/seo\/ -->\n<title>Innsbruck International 2022: Biennial of the Arts. COOKIE<\/title>\n<meta name=\"description\" content=\"Innsbruck International is a Biennial of the Arts drawing a diverse array of national and international contemporary artists to the historic city, the theme of Innsbruck International 2022 is COOKIE\" \/>\n<meta name=\"robots\" content=\"index, follow, max-snippet:-1, max-image-preview:large, max-video-preview:-1\" \/>\n<link rel=\"canonical\" href=\"https:\/\/2022.innsbruckinternational.com\/\" \/>\n<meta property=\"og:locale\" content=\"de_DE\" \/>\n<meta property=\"og:type\" content=\"article\" \/>\n<meta property=\"og:title\" content=\"Innsbruck International 2022: Biennial of the Arts. COOKIE\" \/>\n<meta property=\"og:description\" content=\"Innsbruck International is a Biennial of the Arts drawing a diverse array of national and international contemporary artists to the historic city, the theme of Innsbruck International 2022 is COOKIE\" \/>\n<meta property=\"og:url\" content=\"https:\/\/2022.innsbruckinternational.com\/\" \/>\n<meta property=\"og:site_name\" content=\"Innsbruck International 2022\" \/>\n<meta property=\"article:publisher\" content=\"https:\/\/www.facebook.com\/InnsbruckInternational\/\" \/>\n<meta property=\"article:modified_time\" content=\"2024-02-18T18:02:03+00:00\" \/>\n<meta property=\"og:image\" content=\"https:\/\/2022.innsbruckinternational.com\/wp-content\/uploads\/2022\/04\/Screenshot-2022-04-21-at-21.32.16.png\" \/>\n\t<meta property=\"og:image:width\" content=\"1024\" \/>\n\t<meta property=\"og:image:height\" content=\"577\" \/>\n\t<meta property=\"og:image:type\" content=\"image\/png\" \/>\n<meta name=\"twitter:card\" content=\"summary_large_image\" \/>\n<meta name=\"twitter:label1\" content=\"Gesch\u00e4tzte Lesezeit\" \/>\n\t<meta name=\"twitter:data1\" content=\"1\u00a0Minute\" \/>\n<script type=\"application\/ld+json\" class=\"yoast-schema-graph\">{\"@context\":\"https:\/\/schema.org\",\"@graph\":[{\"@type\":\"WebPage\",\"@id\":\"https:\/\/2022.innsbruckinternational.com\/\",\"url\":\"https:\/\/2022.innsbruckinternational.com\/\",\"name\":\"Innsbruck International 2022: Biennial of the Arts. COOKIE\",\"isPartOf\":{\"@id\":\"https:\/\/2022.innsbruckinternational.com\/#website\"},\"datePublished\":\"2018-01-26T08:45:47+00:00\",\"dateModified\":\"2024-02-18T18:02:03+00:00\",\"description\":\"Innsbruck International is a Biennial of the Arts drawing a diverse array of national and international contemporary artists to the historic city, the theme of Innsbruck International 2022 is COOKIE\",\"breadcrumb\":{\"@id\":\"https:\/\/2022.innsbruckinternational.com\/#breadcrumb\"},\"inLanguage\":\"de\",\"potentialAction\":[{\"@type\":\"ReadAction\",\"target\":[\"https:\/\/2022.innsbruckinternational.com\/\"]}]},{\"@type\":\"BreadcrumbList\",\"@id\":\"https:\/\/2022.innsbruckinternational.com\/#breadcrumb\",\"itemListElement\":[{\"@type\":\"ListItem\",\"position\":1,\"name\":\"Home\",\"item\":\"https:\/\/2022.innsbruckinternational.com\/\"},{\"@type\":\"ListItem\",\"position\":2,\"name\":\"Home\"}]},{\"@type\":\"WebSite\",\"@id\":\"https:\/\/2022.innsbruckinternational.com\/#website\",\"url\":\"https:\/\/2022.innsbruckinternational.com\/\",\"name\":\"Innsbruck International 2022\",\"description\":\"Cookie\",\"potentialAction\":[{\"@type\":\"SearchAction\",\"target\":{\"@type\":\"EntryPoint\",\"urlTemplate\":\"https:\/\/2022.innsbruckinternational.com\/?s={search_term_string}\"},\"query-input\":\"required name=search_term_string\"}],\"inLanguage\":\"de\"}]}<\/script>\n<!-- \/ Yoast SEO plugin. -->","yoast_head_json":{"title":"Innsbruck International 2022: Biennial of the Arts. COOKIE","description":"Innsbruck International is a Biennial of the Arts drawing a diverse array of national and international contemporary artists to the historic city, the theme of Innsbruck International 2022 is COOKIE","robots":{"index":"index","follow":"follow","max-snippet":"max-snippet:-1","max-image-preview":"max-image-preview:large","max-video-preview":"max-video-preview:-1"},"canonical":"https:\/\/2022.innsbruckinternational.com\/","og_locale":"de_DE","og_type":"article","og_title":"Innsbruck International 2022: Biennial of the Arts. COOKIE","og_description":"Innsbruck International is a Biennial of the Arts drawing a diverse array of national and international contemporary artists to the historic city, the theme of Innsbruck International 2022 is COOKIE","og_url":"https:\/\/2022.innsbruckinternational.com\/","og_site_name":"Innsbruck International 2022","article_publisher":"https:\/\/www.facebook.com\/InnsbruckInternational\/","article_modified_time":"2024-02-18T18:02:03+00:00","og_image":[{"width":1024,"height":577,"url":"https:\/\/2022.innsbruckinternational.com\/wp-content\/uploads\/2022\/04\/Screenshot-2022-04-21-at-21.32.16.png","type":"image\/png"}],"twitter_card":"summary_large_image","twitter_misc":{"Gesch\u00e4tzte Lesezeit":"1\u00a0Minute"},"schema":{"@context":"https:\/\/schema.org","@graph":[{"@type":"WebPage","@id":"https:\/\/2022.innsbruckinternational.com\/","url":"https:\/\/2022.innsbruckinternational.com\/","name":"Innsbruck International 2022: Biennial of the Arts. COOKIE","isPartOf":{"@id":"https:\/\/2022.innsbruckinternational.com\/#website"},"datePublished":"2018-01-26T08:45:47+00:00","dateModified":"2024-02-18T18:02:03+00:00","description":"Innsbruck International is a Biennial of the Arts drawing a diverse array of national and international contemporary artists to the historic city, the theme of Innsbruck International 2022 is COOKIE","breadcrumb":{"@id":"https:\/\/2022.innsbruckinternational.com\/#breadcrumb"},"inLanguage":"de","potentialAction":[{"@type":"ReadAction","target":["https:\/\/2022.innsbruckinternational.com\/"]}]},{"@type":"BreadcrumbList","@id":"https:\/\/2022.innsbruckinternational.com\/#breadcrumb","itemListElement":[{"@type":"ListItem","position":1,"name":"Home","item":"https:\/\/2022.innsbruckinternational.com\/"},{"@type":"ListItem","position":2,"name":"Home"}]},{"@type":"WebSite","@id":"https:\/\/2022.innsbruckinternational.com\/#website","url":"https:\/\/2022.innsbruckinternational.com\/","name":"Innsbruck International 2022","description":"Cookie","potentialAction":[{"@type":"SearchAction","target":{"@type":"EntryPoint","urlTemplate":"https:\/\/2022.innsbruckinternational.com\/?s={search_term_string}"},"query-input":"required name=search_term_string"}],"inLanguage":"de"}]}},"_links":{"self":[{"href":"https:\/\/2022.innsbruckinternational.com\/de\/wp-json\/wp\/v2\/pages\/6"}],"collection":[{"href":"https:\/\/2022.innsbruckinternational.com\/de\/wp-json\/wp\/v2\/pages"}],"about":[{"href":"https:\/\/2022.innsbruckinternational.com\/de\/wp-json\/wp\/v2\/types\/page"}],"author":[{"embeddable":true,"href":"https:\/\/2022.innsbruckinternational.com\/de\/wp-json\/wp\/v2\/users\/1"}],"replies":[{"embeddable":true,"href":"https:\/\/2022.innsbruckinternational.com\/de\/wp-json\/wp\/v2\/comments?post=6"}],"version-history":[{"count":118,"href":"https:\/\/2022.innsbruckinternational.com\/de\/wp-json\/wp\/v2\/pages\/6\/revisions"}],"predecessor-version":[{"id":1366,"href":"https:\/\/2022.innsbruckinternational.com\/de\/wp-json\/wp\/v2\/pages\/6\/revisions\/1366"}],"wp:attachment":[{"href":"https:\/\/2022.innsbruckinternational.com\/de\/wp-json\/wp\/v2\/media?parent=6"}],"curies":[{"name":"wp","href":"https:\/\/api.w.org\/{rel}","templated":true}]}}